{"id":111,"date":"2012-09-12T21:45:45","date_gmt":"2012-09-12T19:45:45","guid":{"rendered":"http:\/\/localhost\/reguvia\/?page_id=111"},"modified":"2021-02-27T18:29:09","modified_gmt":"2021-02-27T16:29:09","slug":"reguvia","status":"publish","type":"page","link":"https:\/\/www.reguvia.de\/reguvia\/","title":{"rendered":"Reguvia"},"content":{"rendered":"<p>Herzlich Willkommen !&nbsp; <a href=\"http:\/\/www.reguvia.de\/reguvia\/wp-content\/uploads\/2012\/10\/cropped-reguvia_logo.png\"><img loading=\"lazy\" class=\"size-thumbnail wp-image-584 alignright\" src=\"http:\/\/www.reguvia.de\/reguvia\/wp-content\/uploads\/2012\/10\/cropped-reguvia_logo-150x150.png\" alt=\"\" width=\"150\" height=\"150\"><\/a><\/p>\n<p>Den Menschen ganzheitlich zu behandeln ist das Ziel meiner T\u00e4tigkeit.<\/p>\n<p>\u201eIn einem gesunden K\u00f6rper wohnt ein gesunder Geist\u201c<\/p>\n<p>Im Vordergrund steht der&nbsp; Mensch in seiner Einheit als K\u00f6rper-Seele-Geist und nicht nur die Linderung der einzelnen Symptome.&nbsp; Gemeinsam gehen wir der Ursache&nbsp; Ihre Krankheit bzw. des Leidens auf den Grund und versuchen diese somit an der Wurzel zu packen&nbsp; und setzen genau dort gezielt mit der Behandlungsmethode an. Eine gr\u00fcndliche Anamnese (Krankengeschichte) und die genaue Diagnostik gehen der Behandlung voraus. Sie bilden die Grundlage&nbsp; f\u00fcr die Therapie und sind Voraussetzung f\u00fcr den optimalen Heilungserfolg. Als Ihre Therapeutin erarbeite ich mit Ihnen ein individuelles Behandlungskonzept und er\u00f6ffne Ihnen neue Betrachtungsweisen mit dem Ziel die Selbstheilungskr\u00e4fte bestm\u00f6glich zu aktivieren und begleite Sie auf dem Weg zu Heilung und Gesundheit.<\/p>\n<p>Ich freue mich sehr auf Ihren Besuch !<\/p>\n<p>&nbsp;<\/p>\n","protected":false},"excerpt":{"rendered":"<p>Herzlich Willkommen !&nbsp; Den Menschen ganzheitlich zu behandeln ist das Ziel meiner T\u00e4tigkeit. \u201eIn einem gesunden K\u00f6rper wohnt ein gesunder Geist\u201c Im Vordergrund steht der&nbsp; Mensch in seiner Einheit als K\u00f6rper-Seele-Geist und nicht nur die Linderung der einzelnen Symptome.&nbsp; Gemeinsam gehen wir der Ursache&nbsp; Ihre Krankheit bzw. des Leidens auf den Grund und versuchen diese &hellip; <a href=\"https:\/\/www.reguvia.de\/reguvia\/\" class=\"more-link\"><span class=\"screen-reader-text\">Reguvia<\/span> weiterlesen <span class=\"meta-nav\">&rarr;<\/span><\/a><\/p>\n","protected":false},"author":1,"featured_media":585,"parent":0,"menu_order":0,"comment_status":"closed","ping_status":"closed","template":"template-fullwidth.php","meta":{"ngg_post_thumbnail":0},"_links":{"self":[{"href":"https:\/\/www.reguvia.de\/reguvia\/wp-json\/wp\/v2\/pages\/111"}],"collection":[{"href":"https:\/\/www.reguvia.de\/reguvia\/wp-json\/wp\/v2\/pages"}],"about":[{"href":"https:\/\/www.reguvia.de\/reguvia\/wp-json\/wp\/v2\/types\/page"}],"author":[{"embeddable":true,"href":"https:\/\/www.reguvia.de\/reguvia\/wp-json\/wp\/v2\/users\/1"}],"replies":[{"embeddable":true,"href":"https:\/\/www.reguvia.de\/reguvia\/wp-json\/wp\/v2\/comments?post=111"}],"version-history":[{"count":14,"href":"https:\/\/www.reguvia.de\/reguvia\/wp-json\/wp\/v2\/pages\/111\/revisions"}],"predecessor-version":[{"id":609,"href":"https:\/\/www.reguvia.de\/reguvia\/wp-json\/wp\/v2\/pages\/111\/revisions\/609"}],"wp:featuredmedia":[{"embeddable":true,"href":"https:\/\/www.reguvia.de\/reguvia\/wp-json\/wp\/v2\/media\/585"}],"wp:attachment":[{"href":"https:\/\/www.reguvia.de\/reguvia\/wp-json\/wp\/v2\/media?parent=111"}],"curies":[{"name":"wp","href":"https:\/\/api.w.org\/{rel}","templated":true}]}}