{"id":140,"date":"2012-09-13T21:49:20","date_gmt":"2012-09-13T19:49:20","guid":{"rendered":"http:\/\/www.reguvia.de\/reguvia\/?page_id=140"},"modified":"2021-01-15T19:29:05","modified_gmt":"2021-01-15T17:29:05","slug":"homoopathie","status":"publish","type":"page","link":"https:\/\/www.reguvia.de\/reguvia\/therapien\/homoopathie\/","title":{"rendered":"Hom\u00f6opathie"},"content":{"rendered":"<p><a href=\"http:\/\/www.reguvia.de\/reguvia\/wp-content\/uploads\/2012\/07\/cropped-header_1.jpg\"><img loading=\"lazy\" class=\"alignnone size-thumbnail wp-image-4\" title=\"cropped-header_1.jpg\" src=\"http:\/\/www.reguvia.de\/reguvia\/wp-content\/uploads\/2012\/07\/cropped-header_1-150x150.jpg\" alt=\"\" width=\"150\" height=\"150\" \/><\/a><a href=\"http:\/\/www.reguvia.de\/reguvia\/wp-content\/uploads\/2012\/09\/20121026_2113521.jpg\"><img loading=\"lazy\" class=\"alignnone size-medium wp-image-401\" title=\"20121026_211352[1]\" src=\"http:\/\/www.reguvia.de\/reguvia\/wp-content\/uploads\/2012\/09\/20121026_2113521-e1351808046439-225x300.jpg\" alt=\"\" width=\"225\" height=\"300\" srcset=\"https:\/\/www.reguvia.de\/reguvia\/wp-content\/uploads\/2012\/09\/20121026_2113521-e1351808046439-225x300.jpg 225w, https:\/\/www.reguvia.de\/reguvia\/wp-content\/uploads\/2012\/09\/20121026_2113521-e1351808046439-768x1024.jpg 768w\" sizes=\"(max-width: 225px) 100vw, 225px\" \/><\/a><\/p>\n<p>&nbsp;<\/p>\n<p>Der deutsche Arzt Samuel Hahnemann legte schon vor mehr als 200 Jahren die Grundlagen f\u00fcr die alternative Heilmethode: die Hom\u00f6opathie.<\/p>\n<p><strong>Similia similibus curentur<\/strong><\/p>\n<p>Dies ist das Wirkprinzip der Hom\u00f6opathie (\u00c4hnlichkeitsprinzip) &#8222;\u00c4hnliches m\u00f6ge mit \u00c4hnlichem geheilt werden&#8220;.\u00a0 Es bedeutet, dass eine Substanz, die bei Gesunden bestimmte Krankheitssymptome hervorruft, einen kranken Menschen mit \u00e4hnlichen Symptomen heilen kann.<\/p>\n<p>Die Arzneimittelpr\u00fcfungen hom\u00f6opathischer Mittel werden am gesunden Menschen durchgef\u00fchrt. Alle Symptome, die nach Einnahmen der Testsubstanz auftraten, wurden ganz genau aufgezeichnet. Mit Einbezug schon bekannter Informationen entstand f\u00fcr fast jede Substanz ein eigenes Arzneimittelbild.<\/p>\n<p>Hieran orientiert sich der Hom\u00f6opath bei der korrekten Auswahl des geeigneten hom\u00f6opathischen Mittels f\u00fcr den zu behandelnden Akut- oder chronischen Zustand des Patienten.<\/p>\n<p>Hom\u00f6opathische Mittel bestehen z.B. aus pflanzlichen, tierischen, mineralischen Stoffen. Herstellung und Qualit\u00e4tsicherung hom\u00f6opathischer Arzneimittel sind in dem Hom\u00f6opathischen Arzneimittelbuch (HAB) festgelegt. Die Substanz wird in mehreren Schritten verd\u00fcnnt, wobei nach jeder Verd\u00fcnnungsschritt diese kr\u00e4ftig versch\u00fcttelt wird. Obwohl zu erwarten w\u00e4re, dass die Wirkung des Mittels mit zunehmender Verd\u00fcnnung abnimmt, bewirkt diese Art der Herstellung, dass sich die Kr\u00e4fte (Potenz) des Mittels noch st\u00e4rker entfalten. Deshalb spricht man hier von Potenzierung. Es gibt D- (Verd\u00fcnnung im Verh\u00e4ltnis 1:10), C-, M- und LM-Potenzen.\u00a0 In welcher Potenz bzw. in welcher Dosierung das Mittel zu Einsatz kommt, liegt im Ermessen der Therapeuten.<\/p>\n<p>Hom\u00f6opathika gibt es z.B. in Form von Globuli, Tropfen, Tabletten, Salben, Tinkturen, Tropfen im Handel. Schon bei Kontakt mit der Mundschleimhaut k\u00f6nnen Globuli besonders gut aufgenommen werden und Ihre Wirkung entfalten.<\/p>\n<p><strong>Sanfte und individuelle Behandlung<\/strong><\/p>\n<p>Einer hom\u00f6opathischen Behandlung geht eine ausf\u00fchrliche Anamnese (Fallaufnahme) voraus. So sind neben der Diagnose die individuellen Symptome sowie die Krankengeschichte des Patienten von gro\u00dfer Bedeutung. Diese Aufnahme dieses Falls dient als Grundlage f\u00fcr die Auswahl des geeigneten Mittels. Trotz vieler Gemeinsamkeiten der Symptome bei einem bestimmten Krankheitsbild, reagiert jeder Organismus individuell\u00a0 und mit besonderen Symptomen. Dies macht verst\u00e4ndlich, warum bei der gleichen Erkrankung\u00a0 unterschiedliche hom\u00f6opathische Mittel angewendet werden k\u00f6nnen und ebenfalls auch umgekehrt dasselbe Mittel bei\u00a0 verschiedenen Krankheiten eingesetzt werden kann.<\/p>\n<p>Zus\u00e4tzlich stimulieren Hom\u00f6opathika die Selbstheilungskr\u00e4fte des K\u00f6rpers und tragen so zur Heilung\u00a0 bei. Deshalb und auch wegen der sanften Wirkung auf den K\u00f6rper werden z.B. D12-Potenzen sehr gern bei Babies und KIndern angewendet.<\/p>\n<p>In der Klassischen Hom\u00f6opathie setzt man immer nur ein Mittel ein und kann folglich ein weiteres Mittel w\u00e4hlen,\u00a0 falls das Befinden des Patienten dies erfordert. Im Handel sind nehmen den einzelnen hom\u00f6opathischen Mitteln jedoch auch Komplexmittel, die aus mehreren Einzelmittel bestehen k\u00f6nnen, erh\u00e4ltlich. Diese werden jedoch eher nach bew\u00e4hrten Indikationen eingesetzt als nach individuellen Krankheitsbild.<\/p>\n","protected":false},"excerpt":{"rendered":"<p>&nbsp; Der deutsche Arzt Samuel Hahnemann legte schon vor mehr als 200 Jahren die Grundlagen f\u00fcr die alternative Heilmethode: die Hom\u00f6opathie. Similia similibus curentur Dies ist das Wirkprinzip der Hom\u00f6opathie (\u00c4hnlichkeitsprinzip) &#8222;\u00c4hnliches m\u00f6ge mit \u00c4hnlichem geheilt werden&#8220;.\u00a0 Es bedeutet, dass eine Substanz, die bei Gesunden bestimmte Krankheitssymptome hervorruft, einen kranken Menschen mit \u00e4hnlichen Symptomen heilen &hellip; <a href=\"https:\/\/www.reguvia.de\/reguvia\/therapien\/homoopathie\/\" class=\"more-link\"><span class=\"screen-reader-text\">Hom\u00f6opathie<\/span> weiterlesen <span class=\"meta-nav\">&rarr;<\/span><\/a><\/p>\n","protected":false},"author":1,"featured_media":149,"parent":62,"menu_order":10,"comment_status":"closed","ping_status":"closed","template":"template-fullwidth.php","meta":{"ngg_post_thumbnail":0},"_links":{"self":[{"href":"https:\/\/www.reguvia.de\/reguvia\/wp-json\/wp\/v2\/pages\/140"}],"collection":[{"href":"https:\/\/www.reguvia.de\/reguvia\/wp-json\/wp\/v2\/pages"}],"about":[{"href":"https:\/\/www.reguvia.de\/reguvia\/wp-json\/wp\/v2\/types\/page"}],"author":[{"embeddable":true,"href":"https:\/\/www.reguvia.de\/reguvia\/wp-json\/wp\/v2\/users\/1"}],"replies":[{"embeddable":true,"href":"https:\/\/www.reguvia.de\/reguvia\/wp-json\/wp\/v2\/comments?post=140"}],"version-history":[{"count":14,"href":"https:\/\/www.reguvia.de\/reguvia\/wp-json\/wp\/v2\/pages\/140\/revisions"}],"predecessor-version":[{"id":575,"href":"https:\/\/www.reguvia.de\/reguvia\/wp-json\/wp\/v2\/pages\/140\/revisions\/575"}],"up":[{"embeddable":true,"href":"https:\/\/www.reguvia.de\/reguvia\/wp-json\/wp\/v2\/pages\/62"}],"wp:featuredmedia":[{"embeddable":true,"href":"https:\/\/www.reguvia.de\/reguvia\/wp-json\/wp\/v2\/media\/149"}],"wp:attachment":[{"href":"https:\/\/www.reguvia.de\/reguvia\/wp-json\/wp\/v2\/media?parent=140"}],"curies":[{"name":"wp","href":"https:\/\/api.w.org\/{rel}","templated":true}]}}