{"id":173,"date":"2012-09-19T21:52:55","date_gmt":"2012-09-19T19:52:55","guid":{"rendered":"http:\/\/www.reguvia.de\/reguvia\/?page_id=173"},"modified":"2021-01-15T19:37:51","modified_gmt":"2021-01-15T17:37:51","slug":"zur-person","status":"publish","type":"page","link":"https:\/\/www.reguvia.de\/reguvia\/zur-person\/","title":{"rendered":"Zur Person"},"content":{"rendered":"<p><a href=\"http:\/\/www.reguvia.de\/reguvia\/wp-content\/uploads\/2012\/09\/ReguviaWeb-51.jpg\"><img loading=\"lazy\" class=\"alignnone size-medium wp-image-381\" title=\"ReguviaWeb-5\" src=\"http:\/\/www.reguvia.de\/reguvia\/wp-content\/uploads\/2012\/09\/ReguviaWeb-51-189x300.jpg\" alt=\"\" width=\"189\" height=\"300\" srcset=\"https:\/\/www.reguvia.de\/reguvia\/wp-content\/uploads\/2012\/09\/ReguviaWeb-51-189x300.jpg 189w, https:\/\/www.reguvia.de\/reguvia\/wp-content\/uploads\/2012\/09\/ReguviaWeb-51-645x1024.jpg 645w, https:\/\/www.reguvia.de\/reguvia\/wp-content\/uploads\/2012\/09\/ReguviaWeb-51.jpg 945w\" sizes=\"(max-width: 189px) 100vw, 189px\" \/><\/a><\/p>\n<p>&#8211; 1979 im Raum Leipzig geboren<\/p>\n<p>&#8211; langj\u00e4hrige Erfahrung im Bereich Pharmazie, Arzneimittelkunde, Naturmedizin,&nbsp; Hom\u00f6opathie und im Umgang mit Patienten<\/p>\n<p>&#8211; Ausbildung zur Heilpraktikerin an der Paracelsus-Schule in Leipzig&nbsp; (Link) mit anschlie\u00dfendem Abschlu\u00df als Heilpraktikerin<\/p>\n<p>&#8211; u.a. Weiterbildung zu Akupunktur, Neuraltherapie, Sch\u00fc\u00dfler-Salzen, Bachbl\u00fcten, Spenglersan -Therapie, Spagyrik, Hom\u00f6opathie<\/p>\n<p>&#8211; Ausbildung in Klassischer Hom\u00f6opathie nach Hahnemann im Internationalen Hom\u00f6opathie Kolleg Torgau e.V. (Link)<\/p>\n<p>&#8211; Weiterbildung u.a. bei Dr.Friedrich Graf, Dr.Mohinder Singh Jus, Gerhard Ruster&#8230;<\/p>\n<p>&#8211; Ausbildung zur Bioresonanz-Therapeutin<\/p>\n","protected":false},"excerpt":{"rendered":"<p>&#8211; 1979 im Raum Leipzig geboren &#8211; langj\u00e4hrige Erfahrung im Bereich Pharmazie, Arzneimittelkunde, Naturmedizin,&nbsp; Hom\u00f6opathie und im Umgang mit Patienten &#8211; Ausbildung zur Heilpraktikerin an der Paracelsus-Schule in Leipzig&nbsp; (Link) mit anschlie\u00dfendem Abschlu\u00df als Heilpraktikerin &#8211; u.a. Weiterbildung zu Akupunktur, Neuraltherapie, Sch\u00fc\u00dfler-Salzen, Bachbl\u00fcten, Spenglersan -Therapie, Spagyrik, Hom\u00f6opathie &#8211; Ausbildung in Klassischer Hom\u00f6opathie nach Hahnemann im &hellip; <a href=\"https:\/\/www.reguvia.de\/reguvia\/zur-person\/\" class=\"more-link\"><span class=\"screen-reader-text\">Zur Person<\/span> weiterlesen <span class=\"meta-nav\">&rarr;<\/span><\/a><\/p>\n","protected":false},"author":1,"featured_media":55,"parent":0,"menu_order":6,"comment_status":"closed","ping_status":"closed","template":"template-fullwidth.php","meta":{"ngg_post_thumbnail":0},"_links":{"self":[{"href":"https:\/\/www.reguvia.de\/reguvia\/wp-json\/wp\/v2\/pages\/173"}],"collection":[{"href":"https:\/\/www.reguvia.de\/reguvia\/wp-json\/wp\/v2\/pages"}],"about":[{"href":"https:\/\/www.reguvia.de\/reguvia\/wp-json\/wp\/v2\/types\/page"}],"author":[{"embeddable":true,"href":"https:\/\/www.reguvia.de\/reguvia\/wp-json\/wp\/v2\/users\/1"}],"replies":[{"embeddable":true,"href":"https:\/\/www.reguvia.de\/reguvia\/wp-json\/wp\/v2\/comments?post=173"}],"version-history":[{"count":16,"href":"https:\/\/www.reguvia.de\/reguvia\/wp-json\/wp\/v2\/pages\/173\/revisions"}],"predecessor-version":[{"id":540,"href":"https:\/\/www.reguvia.de\/reguvia\/wp-json\/wp\/v2\/pages\/173\/revisions\/540"}],"wp:featuredmedia":[{"embeddable":true,"href":"https:\/\/www.reguvia.de\/reguvia\/wp-json\/wp\/v2\/media\/55"}],"wp:attachment":[{"href":"https:\/\/www.reguvia.de\/reguvia\/wp-json\/wp\/v2\/media?parent=173"}],"curies":[{"name":"wp","href":"https:\/\/api.w.org\/{rel}","templated":true}]}}