{"id":176,"date":"2012-09-19T22:05:33","date_gmt":"2012-09-19T20:05:33","guid":{"rendered":"http:\/\/www.reguvia.de\/reguvia\/?page_id=176"},"modified":"2019-12-04T23:15:28","modified_gmt":"2019-12-04T21:15:28","slug":"naturheitliche-diagnostik","status":"publish","type":"page","link":"https:\/\/www.reguvia.de\/reguvia\/therapien\/naturheitliche-diagnostik\/","title":{"rendered":"Naturheitliche Diagnostik"},"content":{"rendered":"<h1><strong><\/strong>In meiner Praxis biete ich folgende naturheitliche Diagnoseverfahren an:<\/h1>\n<p>&nbsp;<\/p>\n<h2>Antlitzdiagnose<\/h2>\n<p><strong><\/strong> Die Antlitzdiagnose ist eine hervorragende M\u00f6glichkeit, den Bedarf an Mineralstoffen exakter zu bestimmen und verborgene Defizite zu erkennen. Sie wird genutzt in der Gesundheitsprophylaxe und den akuten Bedarf zu erkennen. Es wird auf Glanz, F\u00e4rbungen, Strukturen und Falten der Gesichtshaut sowie Ver\u00e4nderungen im Gesicht geachtet.<\/p>\n<p>&nbsp;<\/p>\n<h2>Elektroakupunktur (EAV)<\/h2>\n<p>Die Elektroakupunktur nach Voll ist eine anerkannte Diagnosemethode, der ein ganzheitlicher Ansatz zugrunde liegt. \u00a0Es wird an bekannten <strong>Akupunkturpunkten<\/strong>\u00a0 die Leitf\u00e4higkeit der Haut gemessen. Durch diese diagnostische Elektroakupunktur k\u00f6nnen dann energetische Blockaden in den jeweiligen K\u00f6rperbereichen oder den damit verbundenen Organen entdeckt werden. Blockaden k\u00f6nnen entstehen, wenn der Fluss der Lebensenergie innerhalb der\u00a0 Meridiane des K\u00f6rpers gest\u00f6rt ist und die Harmonie von K\u00f6rper, Geist und Seele aus dem Gleichgewicht geraten ist.<\/p>\n<p>Als normal und gesund wird ein Messwert zwischen 50 und 65 angesehen. Die \u00dcbersichtsuntersuchung wird bei der Elektroakupunktur meist als Erstes durchgef\u00fchrt. Im weiteren Verlauf kann dann eine zweite Untersuchung durch Elektroakupunktur erfolgen, und zwar der<strong> Resonanz- oder Medikamententest<\/strong>, bei dem durch verschiedene Methoden das f\u00fcr den jeweiligen Patienten oder den K\u00f6rperbezirk passende Pr\u00e4parat gefunden werden kann.<\/p>\n<p>&nbsp;<\/p>\n<p>&nbsp;<\/p>\n<h2>Bioenergetische Testung<\/h2>\n<p><strong><span style=\"text-decoration: underline;\"><a href=\"http:\/\/www.reguvia.de\/reguvia\/wp-content\/uploads\/2012\/07\/ReguviaWeb-122.jpg\"><img loading=\"lazy\" class=\"alignnone size-medium wp-image-393\" title=\"ReguviaWeb-12\" src=\"http:\/\/www.reguvia.de\/reguvia\/wp-content\/uploads\/2012\/07\/ReguviaWeb-122-232x300.jpg\" alt=\"\" width=\"232\" height=\"300\" srcset=\"https:\/\/www.reguvia.de\/reguvia\/wp-content\/uploads\/2012\/07\/ReguviaWeb-122-232x300.jpg 232w, https:\/\/www.reguvia.de\/reguvia\/wp-content\/uploads\/2012\/07\/ReguviaWeb-122-792x1024.jpg 792w, https:\/\/www.reguvia.de\/reguvia\/wp-content\/uploads\/2012\/07\/ReguviaWeb-122.jpg 1161w\" sizes=\"(max-width: 232px) 100vw, 232px\" \/><\/a><a href=\"http:\/\/www.reguvia.de\/reguvia\/wp-content\/uploads\/2012\/09\/ReguviaWeb-25.jpg\"><img loading=\"lazy\" class=\"alignnone size-medium wp-image-395\" title=\"ReguviaWeb-25\" src=\"http:\/\/www.reguvia.de\/reguvia\/wp-content\/uploads\/2012\/09\/ReguviaWeb-25-198x300.jpg\" alt=\"\" width=\"198\" height=\"300\" srcset=\"https:\/\/www.reguvia.de\/reguvia\/wp-content\/uploads\/2012\/09\/ReguviaWeb-25-198x300.jpg 198w, https:\/\/www.reguvia.de\/reguvia\/wp-content\/uploads\/2012\/09\/ReguviaWeb-25-678x1024.jpg 678w, https:\/\/www.reguvia.de\/reguvia\/wp-content\/uploads\/2012\/09\/ReguviaWeb-25.jpg 994w\" sizes=\"(max-width: 198px) 100vw, 198px\" \/><\/a><\/span><\/strong><\/p>\n<p>&nbsp;<\/p>\n<p>Die <strong>Bioresonanz<\/strong> ist eine bew\u00e4hrte Diagnose- und Therapiemethode.<\/p>\n<p>Elektromagnetische Informationen vom Patienten oder der Substanz werden \u00fcber Elektroden aufgenommen, im Bioresonanzger\u00e4t \u201emoduliert\u201c und anschlie\u00dfend auf den Patienten oder einen Informationstr\u00e4ger \u201eaufgeschwungen\u201c.\u00a0 Die Therapieart beschreibt, auf welche Art und Weise die hereinkommenden Frequenzmuster moduliert werden.<\/p>\n<p>Jedes Gewebe, jedes Organ hat sein spezifisches Frequenzspektrum, ein \u201ekrankes\u201c Organ \u201eschwingt\u201c anders als ein Gesundes. Es ist ebenfalls\u00a0 ein Unterschied, ob eine akute Infektion, eine chronische Entz\u00fcndung, eine Vergiftung, ein degeneratives Geschehen \u2026vorliegt. Auch Viren, Bakterien, Pilze und Parasiten k\u00f6nnen die Frequenzmuster ver\u00e4ndern.<\/p>\n<p>Im Rahmen der Diagnose k\u00f6nnen verschiedenen energetischen Belastungen des K\u00f6rpers festgestellt werden . Dazu geh\u00f6ren Therapieblockaden (Strahlenbelastung, Narbenst\u00f6rfelder, Wirbels\u00e4ulenblockaden), Meridian- und Organst\u00f6rungen, Allergien und Unvertr\u00e4glichkeiten u.s.w.<\/p>\n<p>Nach dieser ausf\u00fchrlichen bioenergetischen Diagnostik folgt eine spezifische Therapie.<\/p>\n<p>&nbsp;<\/p>\n<h2>Irisdiagnose<\/h2>\n<p><a href=\"http:\/\/www.reguvia.de\/reguvia\/wp-content\/uploads\/2012\/09\/ReguviaWeb-24.jpg\"><img loading=\"lazy\" class=\"alignnone size-medium wp-image-424\" title=\"ReguviaWeb-24\" src=\"http:\/\/www.reguvia.de\/reguvia\/wp-content\/uploads\/2012\/09\/ReguviaWeb-24-e1352153425128.jpg\" alt=\"\" width=\"187\" height=\"210\" \/><\/a><\/p>\n<p>Die Augen k\u00f6nnen Aufschluss geben \u00fcber den Zustand des K\u00f6rpers, den der Seele sowie \u00fcber den energetischen Zustand eines Menschen. Erkrankungen oder St\u00f6rungen der Organe sind\u00a0 in verschiedenen Strukturen der Iris (Pigmentflecken, Streifen, Ringe) erkennbar.<\/p>\n<p>Mit Hilfe der Irisdiagnose kann man neben wichtigen Hinweisen zur konstitutionellen oder erblichen Veranlagung auch akute Anzeichen der spezifischen Krankheitsdispositionen erhalten &#8211; auch lange bevor sich eine Erkrankung manifestiert.<\/p>\n<p>Die Farbe der Iris ist abh\u00e4ngig vom Pigmentgehalt der Membranschichten. Aus der Farbe k\u00f6nnen R\u00fcckschl\u00fcsse auf die Konstitution des Menschen gezogen werden.<\/p>\n<p>Es werden drei verschiedene Konstitutionen unterschieden:<\/p>\n<ul>\n<li><span style=\"text-decoration: underline;\">lymphatisch (blaue oder graue Iris)<\/span><br \/>\nkrankheitsanf\u00e4llig im Bereich des Lymphsystems und der Muskeln<\/li>\n<li><span style=\"text-decoration: underline;\">h\u00e4matogen (braune Iris)<\/span><br \/>\nKreislauf- und Bluterkrankungen sind vorherrschend<\/li>\n<li><span style=\"text-decoration: underline;\">Mischkonstitution (gr\u00fcnlich- braune oder braune Iris)<\/span><br \/>\nLeber- und Magenbeschwerden sind h\u00e4ufig<\/li>\n<\/ul>\n<p>Innerhalb dieser Konstitutionen unterscheidet man einzelne Typen. Sie geben Hinweise auf Organ- und Systemschw\u00e4chen im Sinne einer angeborenen Veranlagung zu bestimmten Krankheiten.<\/p>\n<p>&nbsp;<\/p>\n<h2>Zungendiagnostik<\/h2>\n<p>Die <strong>Zungendiagnostik<\/strong> ist eine Diagnoseform mit gro\u00dfer Tradition im asiatischen Bereich. Die normale Zunge ist glatt, samtartig, grau-rosa und hat eine gleichm\u00e4\u00dfige Oberfl\u00e4che. Abweichungen von dieser Erscheinungsform k\u00f6nnen HInweis auf eine innere St\u00f6rung sein.<\/p>\n<p>Die Zunge spiegelt die inneren Vorg\u00e4nge im gesamten Organismus wider, da jeder Teil der Zunge einem Organ zuzuordnen ist. Aus diesem Grund l\u00e4sst die Zungendiagnose zuverl\u00e4ssige R\u00fcckschl\u00fcsse auf die Gesundheitdes Patienten zu.<\/p>\n<ul>\n<li>Die Zungenspitze steht im Bezug zum Herz und zur Lunge. Dahinter befindet sich die Verbindung zum Magen, zur Bauchspeicheldr\u00fcse und zum Darm<\/li>\n<li>Der linke Zungenrand in der Mitte der Zunge entspricht Milz und Magen<\/li>\n<li>Der rechte Zungenrand entspricht der Leberund der Gallenblase<\/li>\n<li>Der hintere Zungenrand steht in Bezug zu den Nieren<\/li>\n<\/ul>\n<p>Grunds\u00e4tzlich werden bei der Zungendiagnose folgende Bereiche unterschieden<\/p>\n<ul>\n<li>der Zungenk\u00f6rper im Hinblick auf Form, Farbe und Beweglichkeit der Zunge, denn seine Beschaffenheit gibt Auskunft \u00fcber den energetischen Zustand der Organe.<\/li>\n<li>der Zungenbelag auf seine Farbe, Beschaffenheit und Dicke, denn er gibt Aufschluss \u00fcber krankhafte Einfl\u00fcsse und Ver\u00e4nderungen der Organe.<\/li>\n<\/ul>\n<p>Nur der Gesamteindruck der Zunge kann ein genaues Bild \u00fcber den Krankheitszustand vermitteln.<\/p>\n<p>&nbsp;<\/p>\n<h2>Nageldiagnostik<\/h2>\n<p>Der ganzheitliche Therapeut bedient sich der Nageldiagnostik, um sich ein umfassendes Bild \u00fcber den Gesamtzustand des Patienten machen zu k\u00f6nnen. Gesunde Fingern\u00e4gel haben eine glatte Oberfl\u00e4che ohne Riefen und Rillen, einen ganz normalen Glanz, eine leicht rosa F\u00e4rbung, eine leicht angedeutete W\u00f6lbung, eine gewisse Elastizit\u00e4t und einen normalen Nagelmond.<\/p>\n<p>Je nach Erkrankung kommt es zu verschiedenen Form-, Farb- und Oberfl\u00e4chenver\u00e4nderungen des Nagels. Der Fingernagel selbst kann auch erkranken. Er kann sowohl von Pilzen oder Bakterien befallen, als auch durch Chemikalien gesch\u00e4digt werden.<\/p>\n<p><strong>Ver\u00e4nderung der Form: <\/strong><\/p>\n<ul>\n<li><em>Krallenn\u00e4gel (verdickte und gekr\u00fcmmte N\u00e4gel):<\/em> Durchblutungsst\u00f6rungen<\/li>\n<li><em>Plateaun\u00e4gel (in der Mitte eben, seitlich abfallende N\u00e4gel):<\/em> Magen- Darm- Leiden, Blutbildung<\/li>\n<li><em>Uhrglasn\u00e4gel (nach oben gew\u00f6lbte N\u00e4gel):<\/em> Leber , Lunge, Eisenmangel<\/li>\n<li><em>Milchglasn\u00e4gel (wei\u00dflich tr\u00fcbe N\u00e4gel):<\/em> bei entz\u00fcndlichen Darmerkrankungen, Leberzirrhose<\/li>\n<\/ul>\n<p><strong>Ver\u00e4nderung der Fingernagel-Farbe:<\/strong><\/p>\n<ul>\n<li><em>gelbe Fingern\u00e4gel:<\/em> Leberleiden, Gelbsucht, Schuppenflechte, Pilzinfektion, Medikamenteneinwirkung<\/li>\n<li><em>blasse Fingern\u00e4gel:<\/em> An\u00e4mie (Blutarmut<\/li>\n<li><em>wei\u00dfe Flecken:<\/em> harmlos, sie entstehen, wenn beim Wachstum Luft im Nagel eingeschlossen wurde<\/li>\n<li><em>Blaue Fingern\u00e4gel:<\/em> eventuell Herz- oder Lungenerkrankung<\/li>\n<\/ul>\n<p><strong>Ver\u00e4nderung der Oberfl\u00e4che:<\/strong><\/p>\n<ul>\n<li><em>Abbl\u00e4ttern des Fingernagels:<\/em> Fehlende Mineralien oder Spurenelemente<\/li>\n<li><em>Querrillen und -furchen k\u00f6nnen vielf\u00e4ltige Ursachen haben:<\/em> Lungenentz\u00fcndungen, Durchfall, Blutvergiftung, Depression, Operationen, strenges Fasten, Verletzungen der Nagelwurzel oder Nagelhaut<\/li>\n<li><em>Br\u00fcchige N\u00e4gel:<\/em> Mangel an Mineralstoffen oder einer Vielzahl von Spurenelementen<\/li>\n<\/ul>\n<p><strong>Ver\u00e4nderung des Nagelmondes<\/strong><\/p>\n<ul>\n<li><em>Ohne Mond:<\/em> Allgemeine Nervenschw\u00e4che und\/oder Herz-Nervenschw\u00e4che<\/li>\n<li><em>\u00dcbergro\u00dfer Nagelmond:<\/em> Herzrhythmusst\u00f6rung<\/li>\n<\/ul>\n<p>&nbsp;<\/p>\n<p>&nbsp;<\/p>\n","protected":false},"excerpt":{"rendered":"<p>In meiner Praxis biete ich folgende naturheitliche Diagnoseverfahren an: &nbsp; Antlitzdiagnose Die Antlitzdiagnose ist eine hervorragende M\u00f6glichkeit, den Bedarf an Mineralstoffen exakter zu bestimmen und verborgene Defizite zu erkennen. Sie wird genutzt in der Gesundheitsprophylaxe und den akuten Bedarf zu erkennen. Es wird auf Glanz, F\u00e4rbungen, Strukturen und Falten der Gesichtshaut sowie Ver\u00e4nderungen im Gesicht &hellip; <a href=\"https:\/\/www.reguvia.de\/reguvia\/therapien\/naturheitliche-diagnostik\/\" class=\"more-link\"><span class=\"screen-reader-text\">Naturheitliche Diagnostik<\/span> weiterlesen <span class=\"meta-nav\">&rarr;<\/span><\/a><\/p>\n","protected":false},"author":1,"featured_media":0,"parent":62,"menu_order":4,"comment_status":"closed","ping_status":"closed","template":"template-fullwidth.php","meta":{"ngg_post_thumbnail":0},"_links":{"self":[{"href":"https:\/\/www.reguvia.de\/reguvia\/wp-json\/wp\/v2\/pages\/176"}],"collection":[{"href":"https:\/\/www.reguvia.de\/reguvia\/wp-json\/wp\/v2\/pages"}],"about":[{"href":"https:\/\/www.reguvia.de\/reguvia\/wp-json\/wp\/v2\/types\/page"}],"author":[{"embeddable":true,"href":"https:\/\/www.reguvia.de\/reguvia\/wp-json\/wp\/v2\/users\/1"}],"replies":[{"embeddable":true,"href":"https:\/\/www.reguvia.de\/reguvia\/wp-json\/wp\/v2\/comments?post=176"}],"version-history":[{"count":25,"href":"https:\/\/www.reguvia.de\/reguvia\/wp-json\/wp\/v2\/pages\/176\/revisions"}],"predecessor-version":[{"id":557,"href":"https:\/\/www.reguvia.de\/reguvia\/wp-json\/wp\/v2\/pages\/176\/revisions\/557"}],"up":[{"embeddable":true,"href":"https:\/\/www.reguvia.de\/reguvia\/wp-json\/wp\/v2\/pages\/62"}],"wp:attachment":[{"href":"https:\/\/www.reguvia.de\/reguvia\/wp-json\/wp\/v2\/media?parent=176"}],"curies":[{"name":"wp","href":"https:\/\/api.w.org\/{rel}","templated":true}]}}