{"id":207,"date":"2012-10-08T22:49:00","date_gmt":"2012-10-08T20:49:00","guid":{"rendered":"http:\/\/www.reguvia.de\/reguvia\/?page_id=207"},"modified":"2021-02-27T18:30:34","modified_gmt":"2021-02-27T16:30:34","slug":"bachbluten-therapie","status":"publish","type":"page","link":"https:\/\/www.reguvia.de\/reguvia\/therapien\/bachbluten-therapie\/","title":{"rendered":"Bachbl\u00fcten-Therapie"},"content":{"rendered":"<h1>&nbsp;&nbsp;&nbsp;&nbsp;&nbsp;&nbsp;&nbsp;&nbsp;&nbsp;&nbsp;&nbsp;&nbsp;&nbsp;&nbsp;&nbsp;&nbsp;&nbsp;&nbsp;&nbsp;&nbsp;&nbsp;&nbsp;&nbsp;&nbsp;&nbsp;&nbsp; <a href=\"http:\/\/www.reguvia.de\/reguvia\/wp-content\/uploads\/2012\/10\/20120628_194407.jpg\"><img loading=\"lazy\" title=\"20120628_194407\" src=\"http:\/\/www.reguvia.de\/reguvia\/wp-content\/uploads\/2012\/10\/20120628_194407-150x150.jpg\" alt=\"\" width=\"150\" height=\"150\"><\/a><\/h1>\n<p>Bei der <strong>Bach-Bl\u00fctentherapie<\/strong> handelt es sich um ein in den 1930er Jahren von dem britischen Arzt <a href=\"http:\/\/de.wikipedia.org\/wiki\/Edward_Bach\">Edward Bach<\/a> (*&nbsp;1886, \u2020&nbsp;1936) begr\u00fcndetes und nach ihm benanntes <a href=\"http:\/\/de.wikipedia.org\/wiki\/Alternativmedizin\">alternativmedizinisches Verfahren<\/a><strong>.<\/strong><\/p>\n<p>Ein wissenschaftlicher, medizinischer Nachweis der Wirksamkeit der Bach-Bl\u00fctentherapie gelang bisher nicht und gilt als unwahrscheinlich. Die Bach-Bl\u00fctentherapie basiert auf der Hypothese, dass jeder k\u00f6rperlichen Krankheit eine seelische Gleichgewichtsst\u00f6rung vorausgehe und dass die Harmonisierung von Gef\u00fchlen und Gedanken eine Heilung bewirken k\u00f6nne.<\/p>\n<p>Dr. Bach ordnete bestimmten Bl\u00fcten <strong>sieben grundlegende Gem\u00fctszust\u00e4nde <\/strong>(Tabelle 1) zu. Er ging davon aus, dass unharmonische Gem\u00fctszust\u00e4nde das Auftreten von Krankheiten f\u00f6rdern. Hier setzen dann die <strong>38 Bachbl\u00fcten<\/strong> (Tabelle 2)an. Diese wirken harmonisierend auf die Seele und unterst\u00fctzen die Stabilisierung und Entfaltung der Pers\u00f6nlichkeit.<\/p>\n<p>Traditionell tragen die nummerierten Essenzen englische Namen und sind verschiedenen Einsatzgebieten zugeordnet. Zus\u00e4tzlich zu den 38 Essenzen hat Bach ein <a href=\"http:\/\/de.wikipedia.org\/wiki\/Komplexmittel\">Komplexmittel<\/a><strong> <\/strong>aus f\u00fcnf Bachbl\u00fcten zusammengestellt (6, 9, 18, 26, 29), die sogenannten Notfalltropfen (Rescue remedies, Nummer 39), die eine \u201eseelische Erholung\u201c bewirken sollen.<\/p>\n<h2>Herstellung der Bachbl\u00fcten<\/h2>\n<p>Die einzelnen Bl\u00fcten werden heute noch an den ehemals von Bach festgesetzten Standorten gesammelt und nach den von Bach beschriebenen <a href=\"http:\/\/de.wikipedia.org\/wiki\/Potenzierung\">Potenzierungsmethoden<\/a> verarbeitet. Dr. Bach legte f\u00fcr die Gewinnung der Bl\u00fctenessenzen genaue Regeln fest: Die Bl\u00fcten werden bei Sonnenschein an festgelegten Orten vor 9.00 Uhr morgens gepfl\u00fcckt<\/p>\n<p>Bei der <strong><span style=\"text-decoration: underline;\">Sonnenmethode<\/span><\/strong> werden die Bl\u00fcten f\u00fcr etwa drei bis vier Stunden in eine mit Wasser gef\u00fcllte Schale gelegt und diese in die Sonne gestellt, Die gewonnene Fl\u00fcssigkeit wird dann mit Kognak oder Brandy konserviert und im Verh\u00e4ltnis 1:240 verd\u00fcnnt.<\/p>\n<p>Bei der <strong><span style=\"text-decoration: underline;\">Kochmethode<\/span><\/strong> werden die Pflanzenteile eine halbe Stunde in Wasser erhitzt. Die letztere Methode wird f\u00fcr holziges Pflanzenmaterial oder bei Pflanzen, die zu einer sonnenarmen Jahreszeit bl\u00fchen, angewendet. Hier werden die Extrakte durch Auskochen der Bl\u00e4tter und Stiel gewonnen.<\/p>\n<p>Laut Bach geben die Pflanzen ihre Schwingungen als heilende Energie an das Wasser ab. Das Wasser wird anschlie\u00dfend mit einem gleich gro\u00dfen Anteil <a href=\"http:\/\/de.wikipedia.org\/wiki\/Alkohol\">Alkohol<\/a> als Konservierungsmittel versetzt. Diese Urtinktur wird \u00e4hnlich wie in der <a href=\"http:\/\/de.wikipedia.org\/wiki\/Hom\u00f6opathie\">Hom\u00f6opathie<\/a> weiter verd\u00fcnnt, um die eigentlichen Bl\u00fctenessenzen herzustellen.<\/p>\n<p>Aus diesen Uressenzen werden dann durch weitere Aufbereitung die im Handel erh\u00e4ltlichen Stamml\u00f6sungen oder Stock Bottels gewonnen. Zur Einnahme werden diese Konzentrate verd\u00fcnnt.<\/p>\n<p><strong>Anwendungsgebiete:<\/strong><\/p>\n<p><strong><\/strong>-akute, seel.Belastung (Notfall)&nbsp;&nbsp;&nbsp;&nbsp;&nbsp;&nbsp;&nbsp; -chron.Beschwerden&nbsp;&nbsp;&nbsp;&nbsp;&nbsp;&nbsp;&nbsp;&nbsp;&nbsp;&nbsp;&nbsp;&nbsp;&nbsp;&nbsp;&nbsp;&nbsp;&nbsp;&nbsp;&nbsp;&nbsp;&nbsp;&nbsp;&nbsp;&nbsp;&nbsp;&nbsp;&nbsp;&nbsp;&nbsp;&nbsp;&nbsp;&nbsp;&nbsp;&nbsp;&nbsp;&nbsp;&nbsp;&nbsp;&nbsp;&nbsp;&nbsp;&nbsp;&nbsp;&nbsp;&nbsp;&nbsp;&nbsp;&nbsp;&nbsp;&nbsp;&nbsp;&nbsp;&nbsp;&nbsp;&nbsp;&nbsp;&nbsp;&nbsp;&nbsp;&nbsp;&nbsp;&nbsp;&nbsp;&nbsp;&nbsp;&nbsp;&nbsp;&nbsp;&nbsp;&nbsp;&nbsp;&nbsp;&nbsp;&nbsp;&nbsp;&nbsp;&nbsp;&nbsp;&nbsp;&nbsp;&nbsp;&nbsp;&nbsp;&nbsp;&nbsp;&nbsp;&nbsp;&nbsp;&nbsp;&nbsp;&nbsp;&nbsp;&nbsp;&nbsp;&nbsp;&nbsp;&nbsp;&nbsp;&nbsp;&nbsp;&nbsp;&nbsp;&nbsp;&nbsp;&nbsp;&nbsp;&nbsp;&nbsp;&nbsp;&nbsp;&nbsp;&nbsp;&nbsp;&nbsp;&nbsp;&nbsp; -KH-Prophylaxe&nbsp;&nbsp;&nbsp;&nbsp;&nbsp;&nbsp;&nbsp;&nbsp;&nbsp;&nbsp;&nbsp;&nbsp;&nbsp;&nbsp;&nbsp;&nbsp;&nbsp;&nbsp;&nbsp;&nbsp;&nbsp;&nbsp;&nbsp;&nbsp;&nbsp;&nbsp;&nbsp;&nbsp;&nbsp;&nbsp;&nbsp;&nbsp;&nbsp;&nbsp;&nbsp;&nbsp;&nbsp;&nbsp;&nbsp;&nbsp;&nbsp;&nbsp;&nbsp;&nbsp;&nbsp;&nbsp;&nbsp;&nbsp;&nbsp;&nbsp;&nbsp;&nbsp;&nbsp;&nbsp;&nbsp;&nbsp;&nbsp;&nbsp;&nbsp;&nbsp;&nbsp;&nbsp;&nbsp;&nbsp;&nbsp;&nbsp;&nbsp;&nbsp;&nbsp;&nbsp;&nbsp;&nbsp;&nbsp;&nbsp;&nbsp;&nbsp;&nbsp;&nbsp;&nbsp;&nbsp;&nbsp;&nbsp;&nbsp;&nbsp;&nbsp;&nbsp;&nbsp;&nbsp;&nbsp;&nbsp;&nbsp;&nbsp;&nbsp;&nbsp;&nbsp;&nbsp;&nbsp;&nbsp;&nbsp;&nbsp;&nbsp;&nbsp;&nbsp;&nbsp;&nbsp;&nbsp;&nbsp;&nbsp;&nbsp;&nbsp;&nbsp;&nbsp;&nbsp;&nbsp;&nbsp;&nbsp;&nbsp;&nbsp;&nbsp;&nbsp;&nbsp;&nbsp;&nbsp;&nbsp;&nbsp;&nbsp;&nbsp;&nbsp;&nbsp;&nbsp;&nbsp;&nbsp;&nbsp;&nbsp;&nbsp;&nbsp;&nbsp;&nbsp;&nbsp;&nbsp;&nbsp;&nbsp;&nbsp;&nbsp;&nbsp;&nbsp;&nbsp;&nbsp;&nbsp;&nbsp;&nbsp;&nbsp;&nbsp;&nbsp;&nbsp;&nbsp;&nbsp;&nbsp;&nbsp;&nbsp;&nbsp;&nbsp;&nbsp;&nbsp;&nbsp;&nbsp;&nbsp;&nbsp;&nbsp;&nbsp;&nbsp;&nbsp;&nbsp;&nbsp;&nbsp;&nbsp;&nbsp;&nbsp;&nbsp;&nbsp;&nbsp;&nbsp;&nbsp;&nbsp;&nbsp;&nbsp;&nbsp;&nbsp;&nbsp;&nbsp;&nbsp;&nbsp;&nbsp;&nbsp;&nbsp;&nbsp;&nbsp;&nbsp;&nbsp;&nbsp;&nbsp;&nbsp;&nbsp;&nbsp;&nbsp;&nbsp;&nbsp;&nbsp;&nbsp;&nbsp;&nbsp;&nbsp;&nbsp;&nbsp;&nbsp;&nbsp;&nbsp;&nbsp;&nbsp;&nbsp;&nbsp;&nbsp;&nbsp;&nbsp;&nbsp;&nbsp;&nbsp;&nbsp;&nbsp;&nbsp;&nbsp;&nbsp;&nbsp;&nbsp;&nbsp;&nbsp; -St\u00e4rkung der inneren Harmonie&nbsp;&nbsp;&nbsp;&nbsp;&nbsp;&nbsp;&nbsp;&nbsp;&nbsp;&nbsp;&nbsp;&nbsp;&nbsp;&nbsp;&nbsp;&nbsp;&nbsp;&nbsp;&nbsp;&nbsp;&nbsp;&nbsp;&nbsp;&nbsp;&nbsp;&nbsp;&nbsp;&nbsp;&nbsp;&nbsp;&nbsp;&nbsp;&nbsp;&nbsp;&nbsp;&nbsp;&nbsp;&nbsp;&nbsp;&nbsp;&nbsp;&nbsp;&nbsp;&nbsp;&nbsp;&nbsp;&nbsp;&nbsp;&nbsp;&nbsp;&nbsp;&nbsp;&nbsp;&nbsp;&nbsp;&nbsp;&nbsp;&nbsp;&nbsp;&nbsp;&nbsp;&nbsp;&nbsp;&nbsp;&nbsp;&nbsp;&nbsp;&nbsp;&nbsp;&nbsp;&nbsp;&nbsp;&nbsp;&nbsp;&nbsp;&nbsp;&nbsp;&nbsp;&nbsp; -Unterst\u00fctzung der kindlichen Entwicklung<\/p>\n<p>&nbsp;<\/p>\n<p>&nbsp;<\/p>\n<p>&nbsp;<\/p>\n","protected":false},"excerpt":{"rendered":"<p>&nbsp;&nbsp;&nbsp;&nbsp;&nbsp;&nbsp;&nbsp;&nbsp;&nbsp;&nbsp;&nbsp;&nbsp;&nbsp;&nbsp;&nbsp;&nbsp;&nbsp;&nbsp;&nbsp;&nbsp;&nbsp;&nbsp;&nbsp;&nbsp;&nbsp;&nbsp; Bei der Bach-Bl\u00fctentherapie handelt es sich um ein in den 1930er Jahren von dem britischen Arzt Edward Bach (*&nbsp;1886, \u2020&nbsp;1936) begr\u00fcndetes und nach ihm benanntes alternativmedizinisches Verfahren. Ein wissenschaftlicher, medizinischer Nachweis der Wirksamkeit der Bach-Bl\u00fctentherapie gelang bisher nicht und gilt als unwahrscheinlich. Die Bach-Bl\u00fctentherapie basiert auf der Hypothese, dass jeder k\u00f6rperlichen Krankheit eine seelische &hellip; <a href=\"https:\/\/www.reguvia.de\/reguvia\/therapien\/bachbluten-therapie\/\" class=\"more-link\"><span class=\"screen-reader-text\">Bachbl\u00fcten-Therapie<\/span> weiterlesen <span class=\"meta-nav\">&rarr;<\/span><\/a><\/p>\n","protected":false},"author":1,"featured_media":0,"parent":62,"menu_order":8,"comment_status":"closed","ping_status":"closed","template":"template-fullwidth.php","meta":{"ngg_post_thumbnail":0},"_links":{"self":[{"href":"https:\/\/www.reguvia.de\/reguvia\/wp-json\/wp\/v2\/pages\/207"}],"collection":[{"href":"https:\/\/www.reguvia.de\/reguvia\/wp-json\/wp\/v2\/pages"}],"about":[{"href":"https:\/\/www.reguvia.de\/reguvia\/wp-json\/wp\/v2\/types\/page"}],"author":[{"embeddable":true,"href":"https:\/\/www.reguvia.de\/reguvia\/wp-json\/wp\/v2\/users\/1"}],"replies":[{"embeddable":true,"href":"https:\/\/www.reguvia.de\/reguvia\/wp-json\/wp\/v2\/comments?post=207"}],"version-history":[{"count":8,"href":"https:\/\/www.reguvia.de\/reguvia\/wp-json\/wp\/v2\/pages\/207\/revisions"}],"predecessor-version":[{"id":613,"href":"https:\/\/www.reguvia.de\/reguvia\/wp-json\/wp\/v2\/pages\/207\/revisions\/613"}],"up":[{"embeddable":true,"href":"https:\/\/www.reguvia.de\/reguvia\/wp-json\/wp\/v2\/pages\/62"}],"wp:attachment":[{"href":"https:\/\/www.reguvia.de\/reguvia\/wp-json\/wp\/v2\/media?parent=207"}],"curies":[{"name":"wp","href":"https:\/\/api.w.org\/{rel}","templated":true}]}}