{"id":216,"date":"2012-10-08T22:56:21","date_gmt":"2012-10-08T20:56:21","guid":{"rendered":"http:\/\/www.reguvia.de\/reguvia\/?page_id=216"},"modified":"2019-12-04T23:15:55","modified_gmt":"2019-12-04T21:15:55","slug":"autogenes-training","status":"publish","type":"page","link":"https:\/\/www.reguvia.de\/reguvia\/therapien\/autogenes-training\/","title":{"rendered":"Autogenes Training"},"content":{"rendered":"<p><a href=\"http:\/\/www.reguvia.de\/reguvia\/wp-content\/uploads\/2012\/10\/ReguviaWeb-14.jpg\"><img loading=\"lazy\" title=\"ReguviaWeb-14\" src=\"http:\/\/www.reguvia.de\/reguvia\/wp-content\/uploads\/2012\/10\/ReguviaWeb-14-150x150.jpg\" alt=\"\" width=\"150\" height=\"150\" \/><\/a><\/p>\n<p><strong>Das Wort \u201cautos\u201d bedeutet soviel wie selbst und \u201cgenos\u201d erzeugen.<\/strong><\/p>\n<p>Der Arzt Dr. Prof. Schultz hat dieses Verfahren in den Zwanziger Jahren des vorigen Jahrhunderts entwickelt. \u00a0Er besch\u00e4ftigte sich zun\u00e4chst ausf\u00fchrlich mit der Hypnose und setzte Sie erfolgreich zur Heilung ein. Im Laufe der Beobachtungen fand \u00a0er heraus, dass sich der Patient mit entsprechender \u00dcbung auch selbst in diesen Zustand der tiefen tranceartigen Entspannung versetzen kann.<\/p>\n<p>Um das Autogene Training effektiv einsetzen zu k\u00f6nnen, ist eine solide Grundlage und kontinuierliche \u00dcbung \u00a0notwendig. \u00a0Die <span style=\"text-decoration: underline;\"><strong>7 sogenannten Vorsatzformeln<\/strong><\/span> unterst\u00fctzen Sie dabei.<\/p>\n<p>Im Rahmen des Trainings beginnen Sie mit den Grund\u00fcbungen, bei denen Sie lernen, einen Zustand der Ruhe, Schwere und W\u00e4rme herzustellen.\u00a0 Die Muskulatur lockert sich, gleichzeitig l\u00f6sen sich Verspannungen.<\/p>\n<p>Im <span style=\"text-decoration: underline;\"><strong>tiefen, trance\u00e4hnlichen Entspannungszustand<\/strong><\/span> \u00a0ist es Ihnen m\u00f6glich auf willk\u00fcrliche Funktionen des K\u00f6rpers (Herzschlag,\u00a0 Atmung\u2026) willk\u00fcrlichen Einflu\u00df zu nehmen.<\/p>\n<p>Folglich sind Sie in der Lage die innere Organe positiv zu beeinflussen, Konzentration und Ged\u00e4chtnis zu verbessern, Stre\u00df abzubauen, k\u00f6rperliche Anspannung loszulassen und innere Ruhe zu finden, das Selbstvertrauen zu st\u00e4rken und k\u00f6nnen das AT auch als Einschlafhilfe nutzen.<\/p>\n<p>Haben Sie Geduld mit sich selbst \u2013 auch wenn Sie nicht gleich bei der ersten Sitzung loslassen k\u00f6nnen. Jeder\u00a0 Organismus reagiert unterschiedlich schnell auf neue Reize. Diese \u00a0Entspannungsmethode wirkt sich \u00a0jedoch immer effektiver aus, je mehr Erfahrung Sie damit gesammelt haben.<\/p>\n<p>&nbsp;<\/p>\n<p><span style=\"text-decoration: underline;\">Anwendungen f\u00fcr Autogenes Training:<\/span><\/p>\n<p>Stre\u00dfbew\u00e4ltigung\u00a0\u00a0\u00a0\u00a0\u00a0<a href=\"http:\/\/www.reguvia.de\/reguvia\/wp-content\/uploads\/2012\/10\/Cuba-204.jpg\"><img loading=\"lazy\" title=\"Cuba 204\" src=\"http:\/\/www.reguvia.de\/reguvia\/wp-content\/uploads\/2012\/10\/Cuba-204-150x150.jpg\" alt=\"\" width=\"150\" height=\"150\" \/><\/a><\/p>\n<p>Motivation \u00a0 \u00a0 \u00a0 \u00a0 \u00a0 \u00a0<a href=\"http:\/\/www.reguvia.de\/reguvia\/wp-content\/uploads\/2012\/10\/20120627_225823.jpg\"><img loading=\"lazy\" title=\"20120627_225823\" src=\"http:\/\/www.reguvia.de\/reguvia\/wp-content\/uploads\/2012\/10\/20120627_225823-150x150.jpg\" alt=\"\" width=\"150\" height=\"150\" \/><\/a><\/p>\n<p>Begleitung zur Raucherentw\u00f6hnung <a href=\"http:\/\/www.reguvia.de\/reguvia\/wp-content\/uploads\/2012\/07\/20120922_141334-e1349813995699.jpg\"><img loading=\"lazy\" class=\"alignnone size-thumbnail wp-image-247\" title=\"20120922_141334\" src=\"http:\/\/www.reguvia.de\/reguvia\/wp-content\/uploads\/2012\/07\/20120922_141334-e1349813995699-150x150.jpg\" alt=\"\" width=\"150\" height=\"150\" \/><\/a><\/p>\n<p>&nbsp;<\/p>\n","protected":false},"excerpt":{"rendered":"<p>Das Wort \u201cautos\u201d bedeutet soviel wie selbst und \u201cgenos\u201d erzeugen. Der Arzt Dr. Prof. Schultz hat dieses Verfahren in den Zwanziger Jahren des vorigen Jahrhunderts entwickelt. \u00a0Er besch\u00e4ftigte sich zun\u00e4chst ausf\u00fchrlich mit der Hypnose und setzte Sie erfolgreich zur Heilung ein. Im Laufe der Beobachtungen fand \u00a0er heraus, dass sich der Patient mit entsprechender \u00dcbung &hellip; <a href=\"https:\/\/www.reguvia.de\/reguvia\/therapien\/autogenes-training\/\" class=\"more-link\"><span class=\"screen-reader-text\">Autogenes Training<\/span> weiterlesen <span class=\"meta-nav\">&rarr;<\/span><\/a><\/p>\n","protected":false},"author":1,"featured_media":262,"parent":62,"menu_order":6,"comment_status":"closed","ping_status":"closed","template":"template-fullwidth.php","meta":{"ngg_post_thumbnail":0},"_links":{"self":[{"href":"https:\/\/www.reguvia.de\/reguvia\/wp-json\/wp\/v2\/pages\/216"}],"collection":[{"href":"https:\/\/www.reguvia.de\/reguvia\/wp-json\/wp\/v2\/pages"}],"about":[{"href":"https:\/\/www.reguvia.de\/reguvia\/wp-json\/wp\/v2\/types\/page"}],"author":[{"embeddable":true,"href":"https:\/\/www.reguvia.de\/reguvia\/wp-json\/wp\/v2\/users\/1"}],"replies":[{"embeddable":true,"href":"https:\/\/www.reguvia.de\/reguvia\/wp-json\/wp\/v2\/comments?post=216"}],"version-history":[{"count":12,"href":"https:\/\/www.reguvia.de\/reguvia\/wp-json\/wp\/v2\/pages\/216\/revisions"}],"predecessor-version":[{"id":559,"href":"https:\/\/www.reguvia.de\/reguvia\/wp-json\/wp\/v2\/pages\/216\/revisions\/559"}],"up":[{"embeddable":true,"href":"https:\/\/www.reguvia.de\/reguvia\/wp-json\/wp\/v2\/pages\/62"}],"wp:featuredmedia":[{"embeddable":true,"href":"https:\/\/www.reguvia.de\/reguvia\/wp-json\/wp\/v2\/media\/262"}],"wp:attachment":[{"href":"https:\/\/www.reguvia.de\/reguvia\/wp-json\/wp\/v2\/media?parent=216"}],"curies":[{"name":"wp","href":"https:\/\/api.w.org\/{rel}","templated":true}]}}