{"id":67,"date":"2012-07-16T21:03:03","date_gmt":"2012-07-16T19:03:03","guid":{"rendered":"http:\/\/localhost\/reguvia\/?page_id=67"},"modified":"2021-02-27T18:29:51","modified_gmt":"2021-02-27T16:29:51","slug":"bioresonanz","status":"publish","type":"page","link":"https:\/\/www.reguvia.de\/reguvia\/therapien\/bioresonanz\/","title":{"rendered":"Bioresonanz"},"content":{"rendered":"<p><strong><a href=\"http:\/\/www.reguvia.de\/reguvia\/wp-content\/uploads\/2012\/07\/ReguviaWeb-122.jpg\"><img loading=\"lazy\" class=\"alignnone size-medium wp-image-393\" title=\"ReguviaWeb-12\" src=\"http:\/\/www.reguvia.de\/reguvia\/wp-content\/uploads\/2012\/07\/ReguviaWeb-122-232x300.jpg\" alt=\"\" width=\"232\" height=\"300\" srcset=\"https:\/\/www.reguvia.de\/reguvia\/wp-content\/uploads\/2012\/07\/ReguviaWeb-122-232x300.jpg 232w, https:\/\/www.reguvia.de\/reguvia\/wp-content\/uploads\/2012\/07\/ReguviaWeb-122-792x1024.jpg 792w, https:\/\/www.reguvia.de\/reguvia\/wp-content\/uploads\/2012\/07\/ReguviaWeb-122.jpg 1161w\" sizes=\"(max-width: 232px) 100vw, 232px\" \/><\/a><\/strong><strong><a href=\"http:\/\/www.reguvia.de\/reguvia\/wp-content\/uploads\/2012\/07\/ReguviaWeb-81.jpg\"><img loading=\"lazy\" class=\"alignnone size-medium wp-image-390\" title=\"ReguviaWeb-8\" src=\"http:\/\/www.reguvia.de\/reguvia\/wp-content\/uploads\/2012\/07\/ReguviaWeb-81-198x300.jpg\" alt=\"\" width=\"198\" height=\"300\" srcset=\"https:\/\/www.reguvia.de\/reguvia\/wp-content\/uploads\/2012\/07\/ReguviaWeb-81-198x300.jpg 198w, https:\/\/www.reguvia.de\/reguvia\/wp-content\/uploads\/2012\/07\/ReguviaWeb-81-678x1024.jpg 678w, https:\/\/www.reguvia.de\/reguvia\/wp-content\/uploads\/2012\/07\/ReguviaWeb-81.jpg 994w\" sizes=\"(max-width: 198px) 100vw, 198px\" \/><\/a><\/strong><strong><a href=\"http:\/\/www.reguvia.de\/reguvia\/wp-content\/uploads\/2012\/07\/20120922_141334.jpg\"><img loading=\"lazy\" class=\"alignnone size-thumbnail wp-image-247\" title=\"20120922_141334\" src=\"http:\/\/www.reguvia.de\/reguvia\/wp-content\/uploads\/2012\/07\/20120922_141334-e1349813995699-150x150.jpg\" alt=\"\" width=\"150\" height=\"150\"><\/a><\/strong><\/p>\n<p><strong>&nbsp; &nbsp; &nbsp; &nbsp; &nbsp; &nbsp; &nbsp; <\/strong><strong><\/strong><\/p>\n<p>Die <strong>Bioresonanz<\/strong> ist eine bew\u00e4hrte Diagnose- und Therapiemethode.<\/p>\n<p>Elektromagnetische Informationen vom Patienten oder der Substanz werden \u00fcber Elektroden aufgenommen, im Bioresonanzger\u00e4t \u201emoduliert\u201c und anschlie\u00dfend auf den Patienten oder einen Informationstr\u00e4ger \u201eaufgeschwungen\u201c.&nbsp; Die Therapieart beschreibt, auf welche Art und Weise die hereinkommenden Frequenzmuster moduliert werden.<\/p>\n<p>F\u00fcr die Informations\u00fcbertragung vom Patienten in das Ger\u00e4t (Eingang) werden spezifische elektrisch leitende Elektroden verwendet. Diese sollten m\u00f6glichst direkten Kontakt zu Haut und Schleimhaut haben.<\/p>\n<p>Jedes Gewebe, jedes Organ hat sein spezifisches Frequenzspektrum, ein \u201ekrankes\u201c Organ \u201eschwingt\u201c anders als ein Gesundes. Es ist ebenfalls&nbsp; ein Unterschied, ob eine akute Infektion, eine chronische Entz\u00fcndung, eine Vergiftung, ein degeneratives Geschehen \u2026vorliegt. Auch Viren, Bakterien, Pilze und Parasiten k\u00f6nnen die Frequenzmuster ver\u00e4ndern.<\/p>\n<p>Eine Bioresonanztherapie l\u00e4uft in der Regel in mehreren aufeinanderfolgenden Schritten bzw. Sitzungen ab. Die Grundtherapie ist ein unspezifisches Programm, das die K\u00f6rperzellen f\u00fcr die folgenden Therapieschritte sensibilisiert und somit optimal vorbereitet.<\/p>\n<p>Im Rahmen der Sitzungen werden schrittweise die verschiedenen energetischen Belastungen des K\u00f6rpers behandelt. Dazu geh\u00f6ren Beseitigung von Therapieblockaden (Strahlenbelastung, Narbenst\u00f6rfelder, Wirbels\u00e4ulenblockaden), Funktionsverbesserung der Organe bzw. Meridiane, Entgiftung und Toxinausleitung, die Therapie von Allergien und Unvertr\u00e4glichkeiten, die Ausleitung von Umweltgiften und Krankheitserregern und die Beseitigung von St\u00f6rfeldern und Herden.<\/p>\n<p>Nach dieser ausf\u00fchrlichen bioenergetischen Diagnostik folgt eine spezifische Therapie.<\/p>\n<p>Um optimale Heilungsprozesse zu erzielen kann diese Therapie mit anderen Verfahren und anderen Mittel wie Hom\u00f6opathie, Bachbl\u00fcten oder Phytotherapie erg\u00e4nzt bzw. kombiniert werden.<\/p>\n","protected":false},"excerpt":{"rendered":"<p>&nbsp; &nbsp; &nbsp; &nbsp; &nbsp; &nbsp; &nbsp; Die Bioresonanz ist eine bew\u00e4hrte Diagnose- und Therapiemethode. Elektromagnetische Informationen vom Patienten oder der Substanz werden \u00fcber Elektroden aufgenommen, im Bioresonanzger\u00e4t \u201emoduliert\u201c und anschlie\u00dfend auf den Patienten oder einen Informationstr\u00e4ger \u201eaufgeschwungen\u201c.&nbsp; Die Therapieart beschreibt, auf welche Art und Weise die hereinkommenden Frequenzmuster moduliert werden. F\u00fcr die Informations\u00fcbertragung vom &hellip; <a href=\"https:\/\/www.reguvia.de\/reguvia\/therapien\/bioresonanz\/\" class=\"more-link\"><span class=\"screen-reader-text\">Bioresonanz<\/span> weiterlesen <span class=\"meta-nav\">&rarr;<\/span><\/a><\/p>\n","protected":false},"author":1,"featured_media":0,"parent":62,"menu_order":1,"comment_status":"closed","ping_status":"closed","template":"template-fullwidth.php","meta":{"ngg_post_thumbnail":0},"_links":{"self":[{"href":"https:\/\/www.reguvia.de\/reguvia\/wp-json\/wp\/v2\/pages\/67"}],"collection":[{"href":"https:\/\/www.reguvia.de\/reguvia\/wp-json\/wp\/v2\/pages"}],"about":[{"href":"https:\/\/www.reguvia.de\/reguvia\/wp-json\/wp\/v2\/types\/page"}],"author":[{"embeddable":true,"href":"https:\/\/www.reguvia.de\/reguvia\/wp-json\/wp\/v2\/users\/1"}],"replies":[{"embeddable":true,"href":"https:\/\/www.reguvia.de\/reguvia\/wp-json\/wp\/v2\/comments?post=67"}],"version-history":[{"count":22,"href":"https:\/\/www.reguvia.de\/reguvia\/wp-json\/wp\/v2\/pages\/67\/revisions"}],"predecessor-version":[{"id":611,"href":"https:\/\/www.reguvia.de\/reguvia\/wp-json\/wp\/v2\/pages\/67\/revisions\/611"}],"up":[{"embeddable":true,"href":"https:\/\/www.reguvia.de\/reguvia\/wp-json\/wp\/v2\/pages\/62"}],"wp:attachment":[{"href":"https:\/\/www.reguvia.de\/reguvia\/wp-json\/wp\/v2\/media?parent=67"}],"curies":[{"name":"wp","href":"https:\/\/api.w.org\/{rel}","templated":true}]}}